{"id":609,"date":"2025-01-22T17:47:58","date_gmt":"2025-01-22T17:47:58","guid":{"rendered":"https:\/\/www.dentalgolden.com.br\/sys\/?post_type=product&#038;p=609"},"modified":"2025-06-10T20:32:26","modified_gmt":"2025-06-10T20:32:26","slug":"kit-3m-express-xt-gratis-disco-sof-lex-4931g","status":"publish","type":"product","link":"https:\/\/www.dentalgolden.com.br\/sys\/produto\/kit-3m-express-xt-gratis-disco-sof-lex-4931g\/","title":{"rendered":"Kit 3M\u2122 Express\u2122 XT Pasta Base e Pasta Catalisadora + Pasta Fluida Regular ou soft + Pontas misturadores + Gr\u00e1tis disco sof-lex 4931G"},"content":{"rendered":"<h2>Detalhes<\/h2>\n<ul>\n<li>Tempo de trabalho a 23\u00b0C a partir do in\u00edcio da mistura: 2 minutos.<\/li>\n<li>Tempo de presa: 3 minutos e 30 segundos.<\/li>\n<li>Excelente resist\u00eancia \u00e0 tra\u00e7\u00e3o: evita rasgamento e a necessidade de uma nova moldagem.<\/li>\n<li>Alta recupera\u00e7\u00e3o de elonga\u00e7\u00e3o: minimiza o risco de distor\u00e7\u00e3o ap\u00f3s a remo\u00e7\u00e3o da boca.<\/li>\n<li>Moldeira: Podem ser utilizados todos os tipos de moldeiras de precis\u00e3o r\u00edgidas comuns. Para uma ades\u00e3o suficiente, aplicar adesivo de moldeira na moldeira e aguardar que seque completamente.<\/li>\n<li>Composi\u00e7\u00e3o:\n<ul>\n<li>Pasta base: Vinil-polidimetilsiloxane, cristobalita, copol\u00edmero dimetil polisiloxano, s\u00edlica tratada com sil\u00edcio, polietilenoglicol, siloxano.<\/li>\n<li>Pasta catalisadora: Vinil polidimetilsiloxano, cristobalita, s\u00edlica tratada com sil\u00edcio, polidimetilsiloxano, C.I. pigmento azul.<\/li>\n<\/ul>\n<\/li>\n<li>Tecnologia patenteada: s\u00edntese do carbosilano na pasta fluida.<\/li>\n<li>Pasta densa com Dureza Shore reduzida: mais macia, facilitando a remo\u00e7\u00e3o da moldeira da boca e do modelo do molde.<\/li>\n<li>Estabilidade dimensional: permite vazamento do modelo em at\u00e9 15 dias e obten\u00e7\u00e3o de mais de um modelo de gesso.<\/li>\n<li>Alta hidrofilia: alta reprodu\u00e7\u00e3o de detalhes, mesmo na presen\u00e7a de umidade.<\/li>\n<li>Alta recupera\u00e7\u00e3o de elonga\u00e7\u00e3o: minimizando o risco de distor\u00e7\u00e3o ap\u00f3s a remo\u00e7\u00e3o da boca.<\/li>\n<li>Armazenar o produto a uma temperatura de 15-25\u00b0C.<\/li>\n<\/ul>\n<h3><\/h3>\n<h3>Aplica\u00e7\u00e3o<\/h3>\n<ul>\n<li>Indicado para diversas t\u00e9cnicas, como por exemplo:\n<ul>\n<li>Moldagem de preparo para coroas, inlays, onlays e pontes.<\/li>\n<li>Moldagem para pr\u00f3tese parcial remov\u00edvel, pr\u00f3tese total e implantes.<\/li>\n<li>Moldagem dupla (dois passos) ou simult\u00e2nea (um passo).<\/li>\n<li>Moldagem do tipo Triple Tray.<\/li>\n<\/ul>\n<\/li>\n<\/ul>\n","protected":false},"excerpt":{"rendered":"<h5>Kit 3M\u2122 Express\u2122 XT Pasta Base e Pasta Catalisadora + Pasta Fluida Regular ou soft + Pontas misturadores + Gr\u00e1tis disco sof-lex 4931G<\/h5>\n<h5 class=\"value\"><strong><span style=\"color: #008000;\">Frete Gr\u00e1tis<\/span>.<\/strong> Em compras acima de R$ 200,00 no site.<\/h5>\n<h4>Brinde: Compre 990,90 e ganhe 1 touca rosa PROTDESC, 1 touca branca PREVEMAX e 1 prop\u00e9 branco PREVEMAX<\/h4>\n","protected":false},"featured_media":778,"comment_status":"closed","ping_status":"closed","template":"","meta":[],"product_brand":[102],"product_cat":[112,100],"product_tag":[],"class_list":{"0":"post-609","1":"product","2":"type-product","3":"status-publish","4":"has-post-thumbnail","6":"product_brand-3m-espe","7":"product_cat-kits","8":"product_cat-so-ofertas","9":"product_shipping_class-padrao","10":"aux-has-gallery","12":"first","13":"instock","14":"sale","15":"featured","16":"purchasable","17":"product-type-simple"},"_links":{"self":[{"href":"https:\/\/www.dentalgolden.com.br\/sys\/wp-json\/wp\/v2\/product\/609","targetHints":{"allow":["GET"]}}],"collection":[{"href":"https:\/\/www.dentalgolden.com.br\/sys\/wp-json\/wp\/v2\/product"}],"about":[{"href":"https:\/\/www.dentalgolden.com.br\/sys\/wp-json\/wp\/v2\/types\/product"}],"replies":[{"embeddable":true,"href":"https:\/\/www.dentalgolden.com.br\/sys\/wp-json\/wp\/v2\/comments?post=609"}],"wp:featuredmedia":[{"embeddable":true,"href":"https:\/\/www.dentalgolden.com.br\/sys\/wp-json\/wp\/v2\/media\/778"}],"wp:attachment":[{"href":"https:\/\/www.dentalgolden.com.br\/sys\/wp-json\/wp\/v2\/media?parent=609"}],"wp:term":[{"taxonomy":"product_brand","embeddable":true,"href":"https:\/\/www.dentalgolden.com.br\/sys\/wp-json\/wp\/v2\/product_brand?post=609"},{"taxonomy":"product_cat","embeddable":true,"href":"https:\/\/www.dentalgolden.com.br\/sys\/wp-json\/wp\/v2\/product_cat?post=609"},{"taxonomy":"product_tag","embeddable":true,"href":"https:\/\/www.dentalgolden.com.br\/sys\/wp-json\/wp\/v2\/product_tag?post=609"}],"curies":[{"name":"wp","href":"https:\/\/api.w.org\/{rel}","templated":true}]}}