{"id":607,"date":"2025-01-22T17:47:57","date_gmt":"2025-01-22T17:47:57","guid":{"rendered":"https:\/\/www.dentalgolden.com.br\/sys\/?post_type=product&#038;p=607"},"modified":"2025-08-02T12:36:29","modified_gmt":"2025-08-02T12:36:29","slug":"kit-clareador-whiteness-hp-35-fgm","status":"publish","type":"product","link":"https:\/\/www.dentalgolden.com.br\/sys\/produto\/kit-clareador-whiteness-hp-35-fgm\/","title":{"rendered":"Kit Clareador Whiteness HP 35% &#8211; FGM"},"content":{"rendered":"<h2>Detalhes<\/h2>\n<ul>\n<li>Gel clareador dental \u00e0 base de Per\u00f3xido de Hidrog\u00eanio na concentra\u00e7\u00e3o de 35%.<\/li>\n<li>Conta com sistema de frascos.<\/li>\n<li>Pode ser usado em dentes individuais ou arcadas inteiras, com ou sem fonte de luz.<\/li>\n<li>Para auxiliar no processo de clareamento, o produto cont\u00e9m um corante (sua cor altera de vermelho carmim para incolor ao final do processo) e que, quando irradiado com luz, converte esta em energia t\u00e9rmica que acelera o processo de penetra\u00e7\u00e3o do per\u00f3xido no dente e consequentemente o processo de clareamento.<\/li>\n<li>Possui excelente viscosidade.<\/li>\n<li>Armazenamento: em temperaturas entre 5 e 25\u00b0C para melhor conserva\u00e7\u00e3o do produto.<\/li>\n<li>N\u00e3o congelar o produto.<\/li>\n<li>Proteger da incid\u00eancia da luz solar direta.<\/li>\n<li>Validade: 2 anos a partir da data de fabrica\u00e7\u00e3o.<\/li>\n<\/ul>\n<h2><strong>Qual a indica\u00e7\u00e3o de uso do Kit Clareador Whiteness HP 35%?<\/strong><\/h2>\n<ul>\n<li>Dentes vitais naturalmente escuros ou amarelados.<\/li>\n<li>Dentes vitais escurecidos pela idade.<\/li>\n<li>Dentes vitais que se apresentam escurecidos ou manchados por subst\u00e2ncias extr\u00ednsecas como pigmentos de caf\u00e9, tabaco, ch\u00e1, etc.<\/li>\n<li>Dentes vitais com manchas de intensidade suave \u00e0 moderada devido \u00e0 fluorose.<\/li>\n<li>Dentes vitais manchados por tetraciclina, nos casos em que o manchamento for suave.<\/li>\n<li>Em casos mais desafiadores (escurecimento severo) pode ser utilizado em combina\u00e7\u00e3o com a t\u00e9cnica caseira.<\/li>\n<\/ul>\n","protected":false},"excerpt":{"rendered":"<h5 class=\"value\">Kit composto por 2 frascos de solu\u00e7\u00e3o Neutralize, 1 per\u00f3xido de hidrog\u00eanio para 3 pacientes, 1 espessante, 1 Barreira Gengival Top Dam Blue de 2g, 2 placas para preparo do gel, 1 per\u00f3xido de hidrog\u00eanio para 1 paciente, 1 espessante e 1 esp\u00e1tula de mistura.<\/h5>\n<h5 class=\"value\"><strong><span style=\"color: #008000;\">Frete Gr\u00e1tis<\/span>.<\/strong> Em compras acima de R$ 200,00 no site.<\/h5>\n<h4>Brinde: Compre 990,90 e ganhe 1 touca rosa PROTDESC, 1 touca branca PREVEMAX e 1 prop\u00e9 branco PREVEMAX<\/h4>\n","protected":false},"featured_media":806,"comment_status":"closed","ping_status":"closed","template":"","meta":[],"product_brand":[109],"product_cat":[112,100],"product_tag":[],"class_list":{"0":"post-607","1":"product","2":"type-product","3":"status-publish","4":"has-post-thumbnail","6":"product_brand-fgm","7":"product_cat-kits","8":"product_cat-so-ofertas","9":"product_shipping_class-padrao","10":"aux-has-gallery","12":"first","13":"instock","14":"sale","15":"featured","16":"purchasable","17":"product-type-simple"},"_links":{"self":[{"href":"https:\/\/www.dentalgolden.com.br\/sys\/wp-json\/wp\/v2\/product\/607","targetHints":{"allow":["GET"]}}],"collection":[{"href":"https:\/\/www.dentalgolden.com.br\/sys\/wp-json\/wp\/v2\/product"}],"about":[{"href":"https:\/\/www.dentalgolden.com.br\/sys\/wp-json\/wp\/v2\/types\/product"}],"replies":[{"embeddable":true,"href":"https:\/\/www.dentalgolden.com.br\/sys\/wp-json\/wp\/v2\/comments?post=607"}],"wp:featuredmedia":[{"embeddable":true,"href":"https:\/\/www.dentalgolden.com.br\/sys\/wp-json\/wp\/v2\/media\/806"}],"wp:attachment":[{"href":"https:\/\/www.dentalgolden.com.br\/sys\/wp-json\/wp\/v2\/media?parent=607"}],"wp:term":[{"taxonomy":"product_brand","embeddable":true,"href":"https:\/\/www.dentalgolden.com.br\/sys\/wp-json\/wp\/v2\/product_brand?post=607"},{"taxonomy":"product_cat","embeddable":true,"href":"https:\/\/www.dentalgolden.com.br\/sys\/wp-json\/wp\/v2\/product_cat?post=607"},{"taxonomy":"product_tag","embeddable":true,"href":"https:\/\/www.dentalgolden.com.br\/sys\/wp-json\/wp\/v2\/product_tag?post=607"}],"curies":[{"name":"wp","href":"https:\/\/api.w.org\/{rel}","templated":true}]}}