{"id":606,"date":"2025-01-22T17:47:57","date_gmt":"2025-01-22T17:47:57","guid":{"rendered":"https:\/\/www.dentalgolden.com.br\/sys\/?post_type=product&#038;p=606"},"modified":"2025-08-02T12:38:39","modified_gmt":"2025-08-02T12:38:39","slug":"alginato-moldeer-fast-tipo-i-dfl","status":"publish","type":"product","link":"https:\/\/www.dentalgolden.com.br\/sys\/produto\/alginato-moldeer-fast-tipo-i-dfl\/","title":{"rendered":"Alginato Moldeer Fast Tipo I &#8211; DFL"},"content":{"rendered":"<h2>Caracter\u00edsticas Alginato Odontol\u00f3gico Fast Set<\/h2>\n<ul>\n<li>Presa r\u00e1pida (Fast Set) \u2013 mais agilidade nos procedimentos.<\/li>\n<li>Indicador crom\u00e1tico \u2013 facilita o acompanhamento das etapas de manipula\u00e7\u00e3o.<\/li>\n<li>F\u00e1cil manipula\u00e7\u00e3o \u2013 proporciona praticidade no consult\u00f3rio.<\/li>\n<li>Estabilidade dimensional de at\u00e9 5 dias \u2013 garante precis\u00e3o e seguran\u00e7a nos moldes.<\/li>\n<li>Escane\u00e1vel \u2013 compat\u00edvel com tecnologias digitais e fluxo de trabalho otimizado.<\/li>\n<li>Boa recupera\u00e7\u00e3o el\u00e1stica \u2013 fidelidade na reprodu\u00e7\u00e3o dos detalhes.<\/li>\n<li>Alta resist\u00eancia ao rasgamento \u2013 seguran\u00e7a durante a remo\u00e7\u00e3o do molde.<\/li>\n<li>Aroma de menta \u2013 mais conforto para o paciente.<\/li>\n<li>F\u00f3rmula hipoalerg\u00eanica estabilizada \u2013 mais seguran\u00e7a no atendimento.<\/li>\n<li>Rendimento: at\u00e9 25 arcadas completas.<\/li>\n<\/ul>\n<h2>Aplica\u00e7\u00f5es Moldeer Fast<\/h2>\n<ul>\n<li>Modelos de estudo.<\/li>\n<li>Modelos para trabalhos de baixa precis\u00e3o, como moldeiras de clareamento, moldeiras individuais e placas miorrelaxantes.<\/li>\n<li>Modelos antagonistas.<\/li>\n<li>Duplica\u00e7\u00e3o de modelos.<\/li>\n<li>Pr\u00f3teses total, parcial, fixa e remov\u00edvel, al\u00e9m de trabalhos indiretos em geral.<\/li>\n<\/ul>\n","protected":false},"excerpt":{"rendered":"<div class=\"product attribute overview\">\n<h5 class=\"value\">Embalagem com 453g.<\/h5>\n<\/div>\n<h5 class=\"value\"><strong><span style=\"color: #008000;\">Frete Gr\u00e1tis<\/span>.<\/strong> Em compras acima de R$ 200,00 no site.<\/h5>\n<h4>Brinde: Compre 990,90 e ganhe 1 touca rosa PROTDESC, 1 touca branca PREVEMAX e 1 prop\u00e9 branco PREVEMAX<\/h4>\n","protected":false},"featured_media":814,"comment_status":"closed","ping_status":"closed","template":"","meta":[],"product_brand":[116],"product_cat":[114,100],"product_tag":[],"class_list":{"0":"post-606","1":"product","2":"type-product","3":"status-publish","4":"has-post-thumbnail","6":"product_brand-dfl","7":"product_cat-moldagens","8":"product_cat-so-ofertas","9":"product_shipping_class-padrao","11":"first","12":"instock","13":"sale","14":"featured","15":"purchasable","16":"product-type-simple"},"_links":{"self":[{"href":"https:\/\/www.dentalgolden.com.br\/sys\/wp-json\/wp\/v2\/product\/606","targetHints":{"allow":["GET"]}}],"collection":[{"href":"https:\/\/www.dentalgolden.com.br\/sys\/wp-json\/wp\/v2\/product"}],"about":[{"href":"https:\/\/www.dentalgolden.com.br\/sys\/wp-json\/wp\/v2\/types\/product"}],"replies":[{"embeddable":true,"href":"https:\/\/www.dentalgolden.com.br\/sys\/wp-json\/wp\/v2\/comments?post=606"}],"wp:featuredmedia":[{"embeddable":true,"href":"https:\/\/www.dentalgolden.com.br\/sys\/wp-json\/wp\/v2\/media\/814"}],"wp:attachment":[{"href":"https:\/\/www.dentalgolden.com.br\/sys\/wp-json\/wp\/v2\/media?parent=606"}],"wp:term":[{"taxonomy":"product_brand","embeddable":true,"href":"https:\/\/www.dentalgolden.com.br\/sys\/wp-json\/wp\/v2\/product_brand?post=606"},{"taxonomy":"product_cat","embeddable":true,"href":"https:\/\/www.dentalgolden.com.br\/sys\/wp-json\/wp\/v2\/product_cat?post=606"},{"taxonomy":"product_tag","embeddable":true,"href":"https:\/\/www.dentalgolden.com.br\/sys\/wp-json\/wp\/v2\/product_tag?post=606"}],"curies":[{"name":"wp","href":"https:\/\/api.w.org\/{rel}","templated":true}]}}