{"id":605,"date":"2025-01-22T17:47:57","date_gmt":"2025-01-22T17:47:57","guid":{"rendered":"https:\/\/www.dentalgolden.com.br\/sys\/?post_type=product&#038;p=605"},"modified":"2025-06-10T20:33:47","modified_gmt":"2025-06-10T20:33:47","slug":"silicone-de-adicao-3m-express-xt-denso","status":"publish","type":"product","link":"https:\/\/www.dentalgolden.com.br\/sys\/produto\/silicone-de-adicao-3m-express-xt-denso\/","title":{"rendered":"Silicone de Adi\u00e7\u00e3o 3M\u2122 Express\u2122 XT Denso &#8211; Solventum"},"content":{"rendered":"<h2 id=\"KCTOB1M\">Silicone de Adi\u00e7\u00e3o 3M<\/h2>\n<p>O\u00a0<strong>Silicone de Adi\u00e7\u00e3o Express XT<\/strong> da 3M \u00e9 um material \u00e0 base de silicone por adi\u00e7\u00e3o, sua diferen\u00e7a est\u00e1 na f\u00f3rmula avan\u00e7ada que oferece qualidade superior para moldagem e restaura\u00e7\u00f5es desde a primeira tentativa, o que ajuda a economizar tempo de consult\u00f3rio e aumenta o conforto tanto para o dentista e t\u00e9cnico em pr\u00f3tese dent\u00e1ria, quanto para o paciente.<\/p>\n<h2>Caracter\u00edsticas do Silicone de Adi\u00e7\u00e3o Express XT Denso<\/h2>\n<ul>\n<li>Maior hidrofilia, com alta reprodu\u00e7\u00e3o de detalhes mesmo em condi\u00e7\u00f5es desafiadoras de umidade.<\/li>\n<li>Excelente resist\u00eancia \u00e0 tra\u00e7\u00e3o, que evita o rasgamento.<\/li>\n<li>Quase 100% de recupera\u00e7\u00e3o de elonga\u00e7\u00e3o, minimizando o risco de distor\u00e7\u00e3o ap\u00f3s a remo\u00e7\u00e3o na boca do paciente ou manequim.<\/li>\n<li>Pasta densa com Dureza Shore reduzida: mais macia, facilitando a remo\u00e7\u00e3o da moldeira da boca e do modelo do molde.<\/li>\n<li>Maior estabilidade dimensional: permite vazamento do modelo em at\u00e9 15 dias e obten\u00e7\u00e3o de mais de um modelo de gesso.<\/li>\n<li>Rendimento m\u00e9dio: 17 moldagens totais e 34 parciais, podendo variar de acordo com o tipo de moldagem, moldeira e t\u00e9cnica utilizada.<\/li>\n<\/ul>\n<h2>Qual indica\u00e7\u00e3o de uso do Silicone de Adi\u00e7\u00e3o Express\u2122 XT Denso 3M?<\/h2>\n<p>\u00c9 indicado para:<\/p>\n<ul>\n<li>Moldagens de precis\u00e3o de coroas, inlays, onlays e pr\u00f3teses fixas;<\/li>\n<li>Moldagens de pr\u00f3tese parcial remov\u00edvel, pr\u00f3tese total e implantes;<\/li>\n<li>Moldagens na t\u00e9cnica dupla ou simult\u00e2nea e Moldagens do tipo \u201cTriple Tray\u201d.<\/li>\n<\/ul>\n","protected":false},"excerpt":{"rendered":"<h5 class=\"page-title\"><span class=\"base\" data-ui-id=\"page-title-wrapper\">Silicone de Adi\u00e7\u00e3o 3M\u2122 Express\u2122 XT Denso &#8211; Solventum<\/span><\/h5>\n<h5 class=\"value\">Kit com 1 Silicone de Adi\u00e7\u00e3o Express XT Pasta Densa Soft 250ml + 1 Catalisadora 250ml + 2 colheres.<\/h5>\n<h5 class=\"value\"><strong><span style=\"color: #008000;\">Frete Gr\u00e1tis<\/span>.<\/strong> Em compras acima de R$ 200,00 no site.<\/h5>\n<h4>Brinde: Compre 990,90 e ganhe 1 touca rosa PROTDESC, 1 touca branca PREVEMAX e 1 prop\u00e9 branco PREVEMAX<\/h4>\n<p>&nbsp;<\/p>\n","protected":false},"featured_media":790,"comment_status":"closed","ping_status":"closed","template":"","meta":[],"product_brand":[102],"product_cat":[114,100],"product_tag":[],"class_list":{"0":"post-605","1":"product","2":"type-product","3":"status-publish","4":"has-post-thumbnail","6":"product_brand-3m-espe","7":"product_cat-moldagens","8":"product_cat-so-ofertas","9":"product_shipping_class-padrao","10":"aux-has-gallery","12":"first","13":"instock","14":"sale","15":"featured","16":"purchasable","17":"product-type-simple"},"_links":{"self":[{"href":"https:\/\/www.dentalgolden.com.br\/sys\/wp-json\/wp\/v2\/product\/605","targetHints":{"allow":["GET"]}}],"collection":[{"href":"https:\/\/www.dentalgolden.com.br\/sys\/wp-json\/wp\/v2\/product"}],"about":[{"href":"https:\/\/www.dentalgolden.com.br\/sys\/wp-json\/wp\/v2\/types\/product"}],"replies":[{"embeddable":true,"href":"https:\/\/www.dentalgolden.com.br\/sys\/wp-json\/wp\/v2\/comments?post=605"}],"wp:featuredmedia":[{"embeddable":true,"href":"https:\/\/www.dentalgolden.com.br\/sys\/wp-json\/wp\/v2\/media\/790"}],"wp:attachment":[{"href":"https:\/\/www.dentalgolden.com.br\/sys\/wp-json\/wp\/v2\/media?parent=605"}],"wp:term":[{"taxonomy":"product_brand","embeddable":true,"href":"https:\/\/www.dentalgolden.com.br\/sys\/wp-json\/wp\/v2\/product_brand?post=605"},{"taxonomy":"product_cat","embeddable":true,"href":"https:\/\/www.dentalgolden.com.br\/sys\/wp-json\/wp\/v2\/product_cat?post=605"},{"taxonomy":"product_tag","embeddable":true,"href":"https:\/\/www.dentalgolden.com.br\/sys\/wp-json\/wp\/v2\/product_tag?post=605"}],"curies":[{"name":"wp","href":"https:\/\/api.w.org\/{rel}","templated":true}]}}