{"id":604,"date":"2025-01-22T17:47:57","date_gmt":"2025-01-22T17:47:57","guid":{"rendered":"https:\/\/www.dentalgolden.com.br\/sys\/?post_type=product&#038;p=604"},"modified":"2025-06-10T20:34:43","modified_gmt":"2025-06-10T20:34:43","slug":"kit-clareador-whiteness-perfect-16-fgm","status":"publish","type":"product","link":"https:\/\/www.dentalgolden.com.br\/sys\/produto\/kit-clareador-whiteness-perfect-16-fgm\/","title":{"rendered":"Kit Clareador Whiteness Perfect 16% &#8211; FGM"},"content":{"rendered":"<h2 id=\"X8OYMJ8\">Kit Clareador<\/h2>\n<p>O\u00a0<strong>Whiteness Perfect<\/strong> \u00e9 um clareador dental da FGM que ganha destaque por apresentar uma \u00f3tima viscosidade, pH neutro, al\u00e9m de dupla a\u00e7\u00e3o dessensibilizante por conta do nitrato de pot\u00e1ssio e fluoreto de s\u00f3dio presente em sua formula\u00e7\u00e3o.<\/p>\n<h3>Kit Clareador Whiteness Perfect: Detalhes<\/h3>\n<ul>\n<li>Concentra\u00e7\u00e3o: per\u00f3xido de carbamida a 16%.<\/li>\n<li>Uso: clareamento dental caseiro.<\/li>\n<li>Dessensibilizantes: nitrato de pot\u00e1ssio e fluoreto de s\u00f3dio.<\/li>\n<li>Rendimento: cada seringa de 3g rende at\u00e9 9 aplica\u00e7\u00f5es.<\/li>\n<li><strong>Tempo de uso recomendado: 3 a 4 horas di\u00e1rias<\/strong>\u00a0para a concentra\u00e7\u00e3o de 16%.<\/li>\n<li>Validade: 2 anos a partir da data de fabrica\u00e7\u00e3o.<\/li>\n<\/ul>\n","protected":false},"excerpt":{"rendered":"<div class=\"product attribute overview\">\n<h5 class=\"value\">Per\u00f3xido de Carbamida 16%. Kit com 5 seringas com 3g cada + 5 ponteiras para aplica\u00e7\u00e3o do gel + 2 placas em vinil com 1mm de espessura para confec\u00e7\u00e3o das moldeiras + 1 estojo para guardar as moldeiras + Instru\u00e7\u00f5es para o profissional e o paciente.<\/h5>\n<\/div>\n<h5 class=\"value\"><strong><span style=\"color: #008000;\">Frete Gr\u00e1tis<\/span>.<\/strong> Em compras acima de R$ 200,00 no site.<\/h5>\n<h4>Brinde: Compre 990,90 e ganhe 1 touca rosa PROTDESC, 1 touca branca PREVEMAX e 1 prop\u00e9 branco PREVEMAX<\/h4>\n","protected":false},"featured_media":801,"comment_status":"closed","ping_status":"closed","template":"","meta":[],"product_brand":[109],"product_cat":[112,100],"product_tag":[],"class_list":{"0":"post-604","1":"product","2":"type-product","3":"status-publish","4":"has-post-thumbnail","6":"product_brand-fgm","7":"product_cat-kits","8":"product_cat-so-ofertas","9":"product_shipping_class-padrao","10":"aux-has-gallery","12":"first","13":"instock","14":"sale","15":"featured","16":"purchasable","17":"product-type-simple"},"_links":{"self":[{"href":"https:\/\/www.dentalgolden.com.br\/sys\/wp-json\/wp\/v2\/product\/604","targetHints":{"allow":["GET"]}}],"collection":[{"href":"https:\/\/www.dentalgolden.com.br\/sys\/wp-json\/wp\/v2\/product"}],"about":[{"href":"https:\/\/www.dentalgolden.com.br\/sys\/wp-json\/wp\/v2\/types\/product"}],"replies":[{"embeddable":true,"href":"https:\/\/www.dentalgolden.com.br\/sys\/wp-json\/wp\/v2\/comments?post=604"}],"wp:featuredmedia":[{"embeddable":true,"href":"https:\/\/www.dentalgolden.com.br\/sys\/wp-json\/wp\/v2\/media\/801"}],"wp:attachment":[{"href":"https:\/\/www.dentalgolden.com.br\/sys\/wp-json\/wp\/v2\/media?parent=604"}],"wp:term":[{"taxonomy":"product_brand","embeddable":true,"href":"https:\/\/www.dentalgolden.com.br\/sys\/wp-json\/wp\/v2\/product_brand?post=604"},{"taxonomy":"product_cat","embeddable":true,"href":"https:\/\/www.dentalgolden.com.br\/sys\/wp-json\/wp\/v2\/product_cat?post=604"},{"taxonomy":"product_tag","embeddable":true,"href":"https:\/\/www.dentalgolden.com.br\/sys\/wp-json\/wp\/v2\/product_tag?post=604"}],"curies":[{"name":"wp","href":"https:\/\/api.w.org\/{rel}","templated":true}]}}