{"id":603,"date":"2025-01-22T17:47:57","date_gmt":"2025-01-22T17:47:57","guid":{"rendered":"https:\/\/www.dentalgolden.com.br\/sys\/?post_type=product&#038;p=603"},"modified":"2025-06-12T18:18:51","modified_gmt":"2025-06-12T18:18:51","slug":"kit-clareador-whiteness-hp-blue-35-fgm","status":"publish","type":"product","link":"https:\/\/www.dentalgolden.com.br\/sys\/produto\/kit-clareador-whiteness-hp-blue-35-fgm\/","title":{"rendered":"Kit Clareador Whiteness HP Blue 35% &#8211; FGM"},"content":{"rendered":"<h2>Clareador Dental FGM<\/h2>\n<p>O\u00a0<strong>Clareador Whiteness HP Blue 35%<\/strong> FGM conta com a\u00e7\u00e3o remineralizante com a presen\u00e7a de c\u00e1lcio e praticidade de mistura das fases.<\/p>\n<p>Com sistema autocatalisado,\u00a0<strong>Clareador Whiteness HP Blue<\/strong>\u00a0se torna muito mais eficiente e ativo, fator que faz com que dispense a utiliza\u00e7\u00e3o de fontes externas de acelera\u00e7\u00e3o. Al\u00e9m disso, o sistema de seringas acopl\u00e1veis proporciona uma \u00f3tima homogeneiza\u00e7\u00e3o.<\/p>\n<h3>Destaques do Clareador Dental Whiteness HP Blue 35%<\/h3>\n<ul>\n<li>pH se mant\u00e9m alcalino e est\u00e1vel durante toda a sess\u00e3o.<\/li>\n<li>Possui c\u00e1lcio para manter a integridade do esmalte dental.<\/li>\n<li>Proporciona facilidade de mistura das fases.<\/li>\n<li>Sistema autocatalisado.<\/li>\n<li>Por\u00e7\u00f5es pr\u00e9-dosadas onde a fase espessante e per\u00f3xido j\u00e1 vem preestabelecida e embalada em seringas para facilitar o preparo do gel e oferecer ganho de tempo.<\/li>\n<li>Facilita o controle visual, pois n\u00e3o altera a sua cor ao longo do processo.<\/li>\n<\/ul>\n<h3>Caracter\u00edsticas do Kit Clareador Whiteness HP Blue 35%<\/h3>\n<ul>\n<li>Concentra\u00e7\u00e3o: Per\u00f3xido de hidrog\u00eanio a 35%.<\/li>\n<li>Sistema de seringas acopl\u00e1veis.<\/li>\n<li>Aplica\u00e7\u00e3o \u00fanica por sess\u00e3o.<\/li>\n<li>Menor \u00edndice de sensibilidade.<\/li>\n<li>Uso exclusivo em consult\u00f3rios, por profissionais habilitados.<\/li>\n<li>Seringas acopl\u00e1veis.<\/li>\n<li>Rende at\u00e9 tr\u00eas pacientes.<\/li>\n<li>Validade: 2 anos a partir da data de fabrica\u00e7\u00e3o.<\/li>\n<\/ul>\n<h2>Quanto tempo deixar o clareamento Whiteness HP Blue?<\/h2>\n<p>O\u00a0<strong>Gel Clareador Whiteness HP Blue<\/strong>\u00a0pode ser mantido por at\u00e9 40 minutos em contato com os dentes, sem necessidade de troca por conta da sua propriedade, onde o pH se mant\u00e9m alcalino e est\u00e1vel na sess\u00e3o.<\/p>\n<h2>Para que serve Whiteness HP Blue?<\/h2>\n<p>O\u00a0<strong>Whiteness HP Blue 35%<\/strong>\u00a0da\u00a0<strong>FGM<\/strong> \u00e9 um clareador dental de dentes vitais e n\u00e3o vitais, destinado para uso no consult\u00f3rio odontol\u00f3gico. A aplica\u00e7\u00e3o do gel \u00e9 \u00fanica ao longo da sess\u00e3o e o corante violeta facilita o controle visual e n\u00e3o altera sua cor ao longo do processo.<\/p>\n","protected":false},"excerpt":{"rendered":"<h5 class=\"value\">Per\u00f3xido de Hidrog\u00eanio 35%. Kit com 6 conjuntos de seringas (cada conjunto com 1 seringa de Per\u00f3xido de Hidrog\u00eanio com 0,84g e 1 seringa de Espessante com 0,36g, 1,2g no total em cada conjunto) + Top Dam Verde com 2g + 6 ponteiras + Neutralizante com 2g + 6 dispositivos de acoplamento das seringas + 6 ponteiras de aplica\u00e7\u00e3o.<\/h5>\n<h5 class=\"value\"><strong><span style=\"color: #008000;\">Frete Gr\u00e1tis<\/span>.<\/strong> Em compras acima de R$ 200,00 no site.<\/h5>\n<h4>Brinde: Compre 990,90 e ganhe 1 touca rosa PROTDESC, 1 touca branca PREVEMAX e 1 prop\u00e9 branco PREVEMAX<\/h4>\n","protected":false},"featured_media":817,"comment_status":"closed","ping_status":"closed","template":"","meta":[],"product_brand":[109],"product_cat":[112,100],"product_tag":[],"class_list":{"0":"post-603","1":"product","2":"type-product","3":"status-publish","4":"has-post-thumbnail","6":"product_brand-fgm","7":"product_cat-kits","8":"product_cat-so-ofertas","9":"product_shipping_class-padrao","10":"aux-has-gallery","12":"first","13":"instock","14":"sale","15":"featured","16":"purchasable","17":"product-type-simple"},"_links":{"self":[{"href":"https:\/\/www.dentalgolden.com.br\/sys\/wp-json\/wp\/v2\/product\/603","targetHints":{"allow":["GET"]}}],"collection":[{"href":"https:\/\/www.dentalgolden.com.br\/sys\/wp-json\/wp\/v2\/product"}],"about":[{"href":"https:\/\/www.dentalgolden.com.br\/sys\/wp-json\/wp\/v2\/types\/product"}],"replies":[{"embeddable":true,"href":"https:\/\/www.dentalgolden.com.br\/sys\/wp-json\/wp\/v2\/comments?post=603"}],"wp:featuredmedia":[{"embeddable":true,"href":"https:\/\/www.dentalgolden.com.br\/sys\/wp-json\/wp\/v2\/media\/817"}],"wp:attachment":[{"href":"https:\/\/www.dentalgolden.com.br\/sys\/wp-json\/wp\/v2\/media?parent=603"}],"wp:term":[{"taxonomy":"product_brand","embeddable":true,"href":"https:\/\/www.dentalgolden.com.br\/sys\/wp-json\/wp\/v2\/product_brand?post=603"},{"taxonomy":"product_cat","embeddable":true,"href":"https:\/\/www.dentalgolden.com.br\/sys\/wp-json\/wp\/v2\/product_cat?post=603"},{"taxonomy":"product_tag","embeddable":true,"href":"https:\/\/www.dentalgolden.com.br\/sys\/wp-json\/wp\/v2\/product_tag?post=603"}],"curies":[{"name":"wp","href":"https:\/\/api.w.org\/{rel}","templated":true}]}}