{"id":602,"date":"2025-01-22T17:47:57","date_gmt":"2025-01-22T17:47:57","guid":{"rendered":"https:\/\/www.dentalgolden.com.br\/sys\/?post_type=product&#038;p=602"},"modified":"2025-06-10T20:34:16","modified_gmt":"2025-06-10T20:34:16","slug":"kit-adesivo-ortodontico-orthocem-condicionador-acido-condac-37-fgm","status":"publish","type":"product","link":"https:\/\/www.dentalgolden.com.br\/sys\/produto\/kit-adesivo-ortodontico-orthocem-condicionador-acido-condac-37-fgm\/","title":{"rendered":"Kit Adesivo Ortod\u00f4ntico Orthocem + Condicionador \u00c1cido Condac 37% &#8211; FGM + GANHE uma caixa de aparelho ortodontico"},"content":{"rendered":"<h2>Adesivo Orthocem + Condicionador Condac 37%<\/h2>\n<p>O Kit Adesivo Orthocem + Condicionador \u00c1cido Fosf\u00f3rico Condac 37% da marca FGM \u00e9 uma solu\u00e7\u00e3o de ortodontia de alta qualidade, oferecendo benef\u00edcios est\u00e9ticos e de manuseio. Com a seringa \u00fanica que j\u00e1 incorpora o primer ao adesivo, o adesivo ortod\u00f4ntico Orthocem simplifica o procedimento cl\u00ednico, reduzindo um passo no processo.<\/p>\n<p>&nbsp;<\/p>\n<h3>Destaques do Adesivo Ortod\u00f4ntico Orthocem FGM<\/h3>\n<ul>\n<li>Agilidade e praticidade: maior controle de ades\u00e3o.<\/li>\n<li>Qualidade est\u00e9tica: n\u00e3o compromete a est\u00e9tica do sorriso.<\/li>\n<li>Propriedade fluorescente: facilita o rastreamento sob luz ultravioleta.<\/li>\n<li>Consist\u00eancia adequada: facilita a instala\u00e7\u00e3o dos br\u00e1quetes.<\/li>\n<li>Estabilidade de cor: resiste \u00e0 varia\u00e7\u00e3o de cor ao longo do tempo, mantendo a est\u00e9tica.<\/li>\n<li>Adesividade balanceada: resist\u00eancia adesiva adequada, minimizando falhas durante o tratamento.<\/li>\n<\/ul>\n<h3>Especifica\u00e7\u00f5es do Orthocem<\/h3>\n<ul>\n<li>Nome t\u00e9cnico: Adesivo odontol\u00f3gico.<\/li>\n<li>Cura: Fotopolimeriz\u00e1vel, permite instala\u00e7\u00e3o dos arcos logo ap\u00f3s fotopolimeriza\u00e7\u00e3o do cimento\/adesivo.<\/li>\n<li>Translucidez: Adequada.<\/li>\n<li>Qualidade est\u00e9tica: Alta.<\/li>\n<li>Rastreador UV: Propriedade fluorescente.<\/li>\n<li>Consist\u00eancia: Ideal.<\/li>\n<li>Resist\u00eancia adesiva: Adequada.<\/li>\n<li>Uso: Profissional.<\/li>\n<\/ul>\n<p>&nbsp;<\/p>\n<h3>Destaques do Condicionador \u00c1cido Condac 37% FGM<\/h3>\n<ul>\n<li>Aplica\u00e7\u00e3o f\u00e1cil e precisa: mesmo em \u00e1reas de dif\u00edcil acesso.<\/li>\n<li>Boa consist\u00eancia: evita escorrimento, permanecendo no local aplicado.<\/li>\n<li>Cor diferente: facilita o controle visual durante a aplica\u00e7\u00e3o.<\/li>\n<li>Remo\u00e7\u00e3o facilitada: alta afinidade com \u00e1gua, permitindo remo\u00e7\u00e3o facilitada.<\/li>\n<\/ul>\n<h3>Especifica\u00e7\u00f5es do Condac 37<\/h3>\n<ul>\n<li>Aplica\u00e7\u00e3o: Facilitada e com precis\u00e3o.<\/li>\n<li>Consist\u00eancia: Excelente.<\/li>\n<li>Cor: Diferenciada.<\/li>\n<li>Gel: Baixa viscosidade.<\/li>\n<li>Corante: Com corante na cor azul.<\/li>\n<li>Afinidade: Por \u00e1gua.<\/li>\n<\/ul>\n","protected":false},"excerpt":{"rendered":"<h5 class=\"value\">Kit com 1 seringa de Adesivo Ortod\u00f4ntico Orthocem de 4g + 1 seringa de Condicionador \u00c1cido Condac 37% de 2,5g + GANHE uma caixa para aparelho odontol\u00f3gico, embalagem com 10 unidades. Cores sortidas.<\/h5>\n<h5 class=\"value\"><strong><span style=\"color: #008000;\">Frete Gr\u00e1tis<\/span>.<\/strong> Em compras acima de R$ 200,00 no site.<\/h5>\n<h4>Brinde: Compre 990,90 e ganhe 1 touca rosa PROTDESC, 1 touca branca PREVEMAX e 1 prop\u00e9 branco PREVEMAX<\/h4>\n","protected":false},"featured_media":795,"comment_status":"closed","ping_status":"closed","template":"","meta":[],"product_brand":[109],"product_cat":[115,100],"product_tag":[],"class_list":{"0":"post-602","1":"product","2":"type-product","3":"status-publish","4":"has-post-thumbnail","6":"product_brand-fgm","7":"product_cat-resina","8":"product_cat-so-ofertas","9":"product_shipping_class-padrao","10":"aux-has-gallery","12":"first","13":"instock","14":"sale","15":"featured","16":"purchasable","17":"product-type-simple"},"_links":{"self":[{"href":"https:\/\/www.dentalgolden.com.br\/sys\/wp-json\/wp\/v2\/product\/602","targetHints":{"allow":["GET"]}}],"collection":[{"href":"https:\/\/www.dentalgolden.com.br\/sys\/wp-json\/wp\/v2\/product"}],"about":[{"href":"https:\/\/www.dentalgolden.com.br\/sys\/wp-json\/wp\/v2\/types\/product"}],"replies":[{"embeddable":true,"href":"https:\/\/www.dentalgolden.com.br\/sys\/wp-json\/wp\/v2\/comments?post=602"}],"wp:featuredmedia":[{"embeddable":true,"href":"https:\/\/www.dentalgolden.com.br\/sys\/wp-json\/wp\/v2\/media\/795"}],"wp:attachment":[{"href":"https:\/\/www.dentalgolden.com.br\/sys\/wp-json\/wp\/v2\/media?parent=602"}],"wp:term":[{"taxonomy":"product_brand","embeddable":true,"href":"https:\/\/www.dentalgolden.com.br\/sys\/wp-json\/wp\/v2\/product_brand?post=602"},{"taxonomy":"product_cat","embeddable":true,"href":"https:\/\/www.dentalgolden.com.br\/sys\/wp-json\/wp\/v2\/product_cat?post=602"},{"taxonomy":"product_tag","embeddable":true,"href":"https:\/\/www.dentalgolden.com.br\/sys\/wp-json\/wp\/v2\/product_tag?post=602"}],"curies":[{"name":"wp","href":"https:\/\/api.w.org\/{rel}","templated":true}]}}