{"id":599,"date":"2025-01-22T17:47:56","date_gmt":"2025-01-22T17:47:56","guid":{"rendered":"https:\/\/www.dentalgolden.com.br\/sys\/?post_type=product&#038;p=599"},"modified":"2025-06-17T14:24:29","modified_gmt":"2025-06-17T14:24:29","slug":"condicionador-acido-fosforico-gluma-etch-35-kulzer","status":"publish","type":"product","link":"https:\/\/www.dentalgolden.com.br\/sys\/produto\/condicionador-acido-fosforico-gluma-etch-35-kulzer\/","title":{"rendered":"Condicionador \u00c1cido Fosf\u00f3rico Gluma Etch 35% &#8211; Kulzer"},"content":{"rendered":"<h2 id=\"ORFHOHW\">Condicionador \u00c1cido Fosf\u00f3rico Gluma Etch 35% da Kulzer<\/h2>\n<ul>\n<li>Condicionamento \u00e1cido seguro.<\/li>\n<li>Composi\u00e7\u00e3o: cont\u00e9m 35% de \u00e1cido fosf\u00f3rico e ainda agentes espessantes, pigmentos e \u00e1gua.<\/li>\n<li>Pode ser aplicado com um pincel ou uma c\u00e2nula (n\u00e3o incluso).<\/li>\n<li>Uso exclusivo por cirurgi\u00f5es-dentistas e somente para as aplica\u00e7\u00f5es a que se destinam.<\/li>\n<li>Armazenamento: a temperaturas abaixo de 25\u00b0C (77\u00b0F).<\/li>\n<\/ul>\n<p>O\u00a0<strong>Gluma Etch 35% Gel<\/strong> da Kulzer<b> <\/b>\u00e9 um\u00a0<strong>condicionador \u00e1cido<\/strong>\u00a0do esmalte e dentina em tratamentos restauradores adesivos odontol\u00f3gicos. \u00c0 base de \u00e1cido ortofosf\u00f3rico, conta com indica\u00e7\u00e3o de uso na t\u00e9cnica de condicionamento total ou na t\u00e9cnica de condicionamento seletivo em esmalte e, antes da aplica\u00e7\u00e3o do adesivo, em:<\/p>\n<ul>\n<li>Restaura\u00e7\u00f5es de resina composta e comp\u00f4mero;<\/li>\n<li>Restaura\u00e7\u00f5es indiretas confeccionadas em laborat\u00f3rio (por exemplo, inlays, coroas, pontes e facetas);<\/li>\n<li>Selantes.<\/li>\n<\/ul>\n<h3>Quais as vantagens do Gluma Etch 35%?<\/h3>\n<p>Ele conta com algumas propriedades para oferecer uma facilitada e limpa aplica\u00e7\u00e3o, al\u00e9m de ter a cor do gel que permite uma identifica\u00e7\u00e3o confi\u00e1vel.<\/p>\n<h3>Quais as orienta\u00e7\u00f5es de uso do Gluma Etch 35% Gel Kulzer?<\/h3>\n<ul>\n<li>Antes do tratamento, limpe o dente cuidadosamente com pasta de polimento sem fl\u00faor. Recomenda-se o uso de dique de borracha.<\/li>\n<\/ul>\n<ol>\n<li>Ap\u00f3s realizar o preparo conforme os princ\u00edpios do tratamento restaurador adesivo, lave a cavidade e seque-a com ar, livre de \u00f3leo.<\/li>\n<li>Come\u00e7ando pelas \u00e1reas de esmalte biseladas, aplique Gluma Etch 35 Gel em toda a superf\u00edcie da cavidade, incluindo a dentina. Certifique-se de que o esmalte seja condicionado por pelo menos 20 s e, no m\u00e1ximo, 30 s e de que a dentina seja condicionada por pelo menos 15 s e, no m\u00e1ximo, 20 s. Ao usar Gluma Etch 35 Gel, fique especialmente atento ao tempo de perman\u00eancia na dentina. Nessas \u00e1reas, \u00e9 permitido reduzir o tempo para 15 s para evitar um condicionamento excessivo. Se desejar, aplique Gluma Etch 35 Gel apenas em esmalte e deixe-o agir por, no m\u00e1ximo, 30 s. Condicione o esmalte n\u00e3o preparado, como nos casos de selamento de fissuras, por pelo menos 30 s e, no m\u00e1ximo, 60 s. Em caso de esmalte fluoretado, tamb\u00e9m pode ser necess\u00e1rio um tempo de condicionamento de at\u00e9 60 s. Cuidado: Nos casos de cavidades profundas, recomendamos recobrir a dentina pr\u00f3xima da polpa com um preparado \u00e0 base de hidr\u00f3xido de c\u00e1lcio e uma base cavit\u00e1ria (por exemplo, cimento de ion\u00f4mero de vidro) antes do condicionamento.<\/li>\n<li>Aplique jato de ar\/\u00e1gua durante 20 s para remover completamente o Gluma Etch 35 Gel. Nenhum res\u00edduo de material dever\u00e1 ficar na cavidade.<\/li>\n<li>Seque a cavidade com ar livre de \u00f3leo (n\u00e3o resseque a dentina!). A superf\u00edcie do esmalte condicionado dever\u00e1 ficar com uma apar\u00eancia de giz branco. Em caso de contamina\u00e7\u00e3o da superf\u00edcie do dente (por exemplo, com saliva), deve-se repetir o condicionamento (por um per\u00edodo m\u00e1ximo de perman\u00eancia de 10 s).<\/li>\n<li>Continue o tratamento com o adesivo (por exemplo, Gluma\u00ae 2Bond) e a resina composta (por exempl, Charisma\u00ae) seguindo as instru\u00e7\u00f5es do fabricante.<\/li>\n<\/ol>\n","protected":false},"excerpt":{"rendered":"<h5 class=\"value\">Embalagem com 3 Seringas de 2,5ml + 3 pontas aplicadoras.<\/h5>\n<h5 class=\"value\"><strong><span style=\"color: #008000;\">Frete Gr\u00e1tis<\/span>.<\/strong> Em compras acima de R$ 200,00 no site.<\/h5>\n<h4>Brinde: Compre 990,90 e ganhe 1 touca rosa PROTDESC, 1 touca branca PREVEMAX e 1 prop\u00e9 branco PREVEMAX<\/h4>\n","protected":false},"featured_media":830,"comment_status":"closed","ping_status":"closed","template":"","meta":[],"product_brand":[118],"product_cat":[119,100],"product_tag":[],"class_list":{"0":"post-599","1":"product","2":"type-product","3":"status-publish","4":"has-post-thumbnail","6":"product_brand-kulzer","7":"product_cat-aciddos","8":"product_cat-so-ofertas","9":"product_shipping_class-padrao","10":"aux-has-gallery","12":"first","13":"instock","14":"sale","15":"featured","16":"purchasable","17":"product-type-simple"},"_links":{"self":[{"href":"https:\/\/www.dentalgolden.com.br\/sys\/wp-json\/wp\/v2\/product\/599","targetHints":{"allow":["GET"]}}],"collection":[{"href":"https:\/\/www.dentalgolden.com.br\/sys\/wp-json\/wp\/v2\/product"}],"about":[{"href":"https:\/\/www.dentalgolden.com.br\/sys\/wp-json\/wp\/v2\/types\/product"}],"replies":[{"embeddable":true,"href":"https:\/\/www.dentalgolden.com.br\/sys\/wp-json\/wp\/v2\/comments?post=599"}],"wp:featuredmedia":[{"embeddable":true,"href":"https:\/\/www.dentalgolden.com.br\/sys\/wp-json\/wp\/v2\/media\/830"}],"wp:attachment":[{"href":"https:\/\/www.dentalgolden.com.br\/sys\/wp-json\/wp\/v2\/media?parent=599"}],"wp:term":[{"taxonomy":"product_brand","embeddable":true,"href":"https:\/\/www.dentalgolden.com.br\/sys\/wp-json\/wp\/v2\/product_brand?post=599"},{"taxonomy":"product_cat","embeddable":true,"href":"https:\/\/www.dentalgolden.com.br\/sys\/wp-json\/wp\/v2\/product_cat?post=599"},{"taxonomy":"product_tag","embeddable":true,"href":"https:\/\/www.dentalgolden.com.br\/sys\/wp-json\/wp\/v2\/product_tag?post=599"}],"curies":[{"name":"wp","href":"https:\/\/api.w.org\/{rel}","templated":true}]}}