{"id":598,"date":"2025-01-22T17:47:56","date_gmt":"2025-01-22T17:47:56","guid":{"rendered":"https:\/\/www.dentalgolden.com.br\/sys\/?post_type=product&#038;p=598"},"modified":"2025-06-17T14:24:35","modified_gmt":"2025-06-17T14:24:35","slug":"clareador-pola-night-seringa-unidade-sdi","status":"publish","type":"product","link":"https:\/\/www.dentalgolden.com.br\/sys\/produto\/clareador-pola-night-seringa-unidade-sdi\/","title":{"rendered":"Clareador Pola Night Seringa Unidade &#8211; SDI"},"content":{"rendered":"<h2>Clareador Pola Night<\/h2>\n<ul>\n<li>Gel clareador a base de per\u00f3xido de carbamida.<\/li>\n<li>Dessensibilizante e condicionador natural.<\/li>\n<li>Alta concentra\u00e7\u00e3o de \u00e1gua.<\/li>\n<li>Espessante de alto peso molecular.<\/li>\n<li>Alta viscosidade.<\/li>\n<li>Sabor agrad\u00e1vel de menta.<\/li>\n<li>Libera\u00e7\u00e3o de fl\u00faor.<\/li>\n<li>pH Neutro.<\/li>\n<\/ul>\n<p><strong>Tempo de uso di\u00e1rio<\/strong><\/p>\n<ul>\n<li><strong>Pola Night 10% :\u00a0<\/strong>2 horas\/noite;<\/li>\n<li><strong>Pola Night 16% :\u00a0<\/strong>90 minutos\/noite;<\/li>\n<li><strong>Pola Night 22% :\u00a0<\/strong>1 X 45 minutos\/dia<\/li>\n<\/ul>\n<p>&nbsp;<\/p>\n<h3>Aplica\u00e7\u00e3o<\/h3>\n<p>A alta viscosidade e o pH neutro do gel para clareamento asseguram o conforto do paciente em um kit para clareamento caseiro. Sua f\u00f3rmula exclusiva com dessensibilizantes, condicionadores e o alto teor de \u00e1gua ajudam a reduzir a sensibilidade. Reduz, de forma significativa, a forma\u00e7\u00e3o da placa e da c\u00e1rie dental.<\/p>\n","protected":false},"excerpt":{"rendered":"<h5 class=\"value\">Per\u00f3xido de Carbamida. Embalagem com 3g. Escolha a concentra\u00e7\u00e3o.<\/h5>\n<h5 class=\"value\"><strong><span style=\"color: #008000;\">Frete Gr\u00e1tis<\/span>.<\/strong> Em compras acima de R$ 200,00 no site.<\/h5>\n<h4>Brinde: Compre 990,90 e ganhe 1 touca rosa PROTDESC, 1 touca branca PREVEMAX e 1 prop\u00e9 branco PREVEMAX<\/h4>\n","protected":false},"featured_media":835,"comment_status":"closed","ping_status":"closed","template":"","meta":[],"product_brand":[120],"product_cat":[121,100],"product_tag":[],"class_list":{"0":"post-598","1":"product","2":"type-product","3":"status-publish","4":"has-post-thumbnail","6":"product_brand-sdi","7":"product_cat-clareador","8":"product_cat-so-ofertas","9":"product_shipping_class-padrao","10":"aux-has-gallery","12":"first","13":"instock","14":"sale","15":"featured","16":"purchasable","17":"product-type-variable"},"_links":{"self":[{"href":"https:\/\/www.dentalgolden.com.br\/sys\/wp-json\/wp\/v2\/product\/598","targetHints":{"allow":["GET"]}}],"collection":[{"href":"https:\/\/www.dentalgolden.com.br\/sys\/wp-json\/wp\/v2\/product"}],"about":[{"href":"https:\/\/www.dentalgolden.com.br\/sys\/wp-json\/wp\/v2\/types\/product"}],"replies":[{"embeddable":true,"href":"https:\/\/www.dentalgolden.com.br\/sys\/wp-json\/wp\/v2\/comments?post=598"}],"wp:featuredmedia":[{"embeddable":true,"href":"https:\/\/www.dentalgolden.com.br\/sys\/wp-json\/wp\/v2\/media\/835"}],"wp:attachment":[{"href":"https:\/\/www.dentalgolden.com.br\/sys\/wp-json\/wp\/v2\/media?parent=598"}],"wp:term":[{"taxonomy":"product_brand","embeddable":true,"href":"https:\/\/www.dentalgolden.com.br\/sys\/wp-json\/wp\/v2\/product_brand?post=598"},{"taxonomy":"product_cat","embeddable":true,"href":"https:\/\/www.dentalgolden.com.br\/sys\/wp-json\/wp\/v2\/product_cat?post=598"},{"taxonomy":"product_tag","embeddable":true,"href":"https:\/\/www.dentalgolden.com.br\/sys\/wp-json\/wp\/v2\/product_tag?post=598"}],"curies":[{"name":"wp","href":"https:\/\/api.w.org\/{rel}","templated":true}]}}