{"id":595,"date":"2025-01-22T17:47:56","date_gmt":"2025-01-22T17:47:56","guid":{"rendered":"https:\/\/www.dentalgolden.com.br\/sys\/?post_type=product&#038;p=595"},"modified":"2025-06-10T20:36:07","modified_gmt":"2025-06-10T20:36:07","slug":"cimento-resinoso-3m-dual-relyx-u200-solventum","status":"publish","type":"product","link":"https:\/\/www.dentalgolden.com.br\/sys\/produto\/cimento-resinoso-3m-dual-relyx-u200-solventum\/","title":{"rendered":"Cimento Resinoso 3M\u2122 Dual Relyx\u2122 U200 &#8211; Solventum"},"content":{"rendered":"<h2>Cimento Resinoso Dual Relyx<\/h2>\n<p>O\u00a0<b>Cimento Resinoso Autoadesivo 3M\u2122 Dual Relyx\u2122 U200<\/b>\u00a0da Solventum oferece uma solu\u00e7\u00e3o simples, c\u00f4moda e confi\u00e1vel aos procedimentos odontol\u00f3gicos. Desenvolvido com uma composi\u00e7\u00e3o qu\u00edmica autoadesiva e polimeriza\u00e7\u00e3o dual, este cimento \u00e9 um material de refer\u00eancia para uma ampla gama de indica\u00e7\u00f5es, com excelente ades\u00e3o, resist\u00eancia \u00e0 descolora\u00e7\u00e3o e estabilidade duradoura.<\/p>\n<h2>Caracter\u00edsticas do Cimento Resinoso U200 3M Solventum<\/h2>\n<ul>\n<li>Sistema de dispensa\u00e7\u00e3o que oferece f\u00e1cil manuseio e dispensa\u00e7\u00e3o flex\u00edvel das doses.<\/li>\n<li>F\u00e1cil remo\u00e7\u00e3o do excesso de cimento.<\/li>\n<li>Praticamente nenhuma sensibilidade p\u00f3s-operat\u00f3ria.<\/li>\n<li>O cimento resiste \u00e0 descolora\u00e7\u00e3o.<\/li>\n<li>Alta estabilidade de cor intr\u00ednseca para uma est\u00e9tica de apar\u00eancia natural.<\/li>\n<li>Economiza tempo eliminando etapas de condicionamento \u00e1cido, aplica\u00e7\u00e3o do primer e aplica\u00e7\u00e3o do adesivo (exceto para pr\u00f3teses tipo Maryland de 2 ou 3 elementos e pr\u00f3teses adesivas de 3 elementos. Condicionamento \u00e1cido seletivo \u00e9 necess\u00e1rio para aumentar a \u00e1rea de superf\u00edcie para ades\u00e3o).<\/li>\n<\/ul>\n<p>&nbsp;<\/p>\n<h2>Para que serve o Cimento Resinoso Dual Relyx?<\/h2>\n<p>O\u00a0<b>Cimento Resinoso U200 3M Solventum<\/b>\u00a0Dual Relyx\u2122 \u00e9 indicado para as seguintes situa\u00e7\u00f5es odontol\u00f3gicas:<\/p>\n<ul>\n<li>Cimenta\u00e7\u00e3o definitiva de inlays, onlays, coroas e pr\u00f3teses fixas de cer\u00e2mica pura, comp\u00f3sito ou metal.<\/li>\n<li>Cimenta\u00e7\u00e3o definitiva de pinos intrarradiculares.<\/li>\n<li>Pr\u00f3teses tipo Maryland de 2 ou 3 elementos.<\/li>\n<li>Cimenta\u00e7\u00e3o definitiva de restaura\u00e7\u00f5es de cer\u00e2mica pura, comp\u00f3sito ou metal sobre abutments de implantes.<\/li>\n<li>Pr\u00f3teses adesivas de 3 elementos.<\/li>\n<li>Coroas ou pr\u00f3teses fixas em cer\u00e2mica, metal e resina composta indireta sobre abutment.<\/li>\n<\/ul>\n<h2>Quais s\u00e3o os benef\u00edcios do cimento resinoso autoadesivo RelyX\u2122 U200?<\/h2>\n<p>Os principais benef\u00edcios incluem alta ades\u00e3o, resist\u00eancia \u00e0 descolora\u00e7\u00e3o e estabilidade a longo prazo, tudo com simplicidade e comodidade no uso.<\/p>\n","protected":false},"excerpt":{"rendered":"<div class=\"page-title-wrapper product\">\n<h5 class=\"page-title\"><span class=\"base\" data-ui-id=\"page-title-wrapper\">Cimento Resinoso 3M\u2122 Dual Relyx\u2122 U200 &#8211; Solventum<\/span><\/h5>\n<\/div>\n<div class=\"product attribute overview\">\n<h5 class=\"value\">Embalagem com 1 clicker de 11g. Escolha a cor.<\/h5>\n<\/div>\n<h5 class=\"value\"><strong><span style=\"color: #008000;\">Frete Gr\u00e1tis<\/span>.<\/strong> Em compras acima de R$ 200,00 no site.<\/h5>\n<h4>Brinde: Compre 990,90 e ganhe 1 touca rosa PROTDESC, 1 touca branca PREVEMAX e 1 prop\u00e9 branco PREVEMAX<\/h4>\n","protected":false},"featured_media":785,"comment_status":"closed","ping_status":"closed","template":"","meta":[],"product_brand":[102],"product_cat":[113,100],"product_tag":[],"class_list":{"0":"post-595","1":"product","2":"type-product","3":"status-publish","4":"has-post-thumbnail","6":"product_brand-3m-espe","7":"product_cat-cimento","8":"product_cat-so-ofertas","9":"product_shipping_class-padrao","10":"aux-has-gallery","12":"first","13":"instock","14":"sale","15":"featured","16":"purchasable","17":"product-type-variable"},"_links":{"self":[{"href":"https:\/\/www.dentalgolden.com.br\/sys\/wp-json\/wp\/v2\/product\/595","targetHints":{"allow":["GET"]}}],"collection":[{"href":"https:\/\/www.dentalgolden.com.br\/sys\/wp-json\/wp\/v2\/product"}],"about":[{"href":"https:\/\/www.dentalgolden.com.br\/sys\/wp-json\/wp\/v2\/types\/product"}],"replies":[{"embeddable":true,"href":"https:\/\/www.dentalgolden.com.br\/sys\/wp-json\/wp\/v2\/comments?post=595"}],"wp:featuredmedia":[{"embeddable":true,"href":"https:\/\/www.dentalgolden.com.br\/sys\/wp-json\/wp\/v2\/media\/785"}],"wp:attachment":[{"href":"https:\/\/www.dentalgolden.com.br\/sys\/wp-json\/wp\/v2\/media?parent=595"}],"wp:term":[{"taxonomy":"product_brand","embeddable":true,"href":"https:\/\/www.dentalgolden.com.br\/sys\/wp-json\/wp\/v2\/product_brand?post=595"},{"taxonomy":"product_cat","embeddable":true,"href":"https:\/\/www.dentalgolden.com.br\/sys\/wp-json\/wp\/v2\/product_cat?post=595"},{"taxonomy":"product_tag","embeddable":true,"href":"https:\/\/www.dentalgolden.com.br\/sys\/wp-json\/wp\/v2\/product_tag?post=595"}],"curies":[{"name":"wp","href":"https:\/\/api.w.org\/{rel}","templated":true}]}}