{"id":594,"date":"2025-01-22T17:47:56","date_gmt":"2025-01-22T17:47:56","guid":{"rendered":"https:\/\/www.dentalgolden.com.br\/sys\/?post_type=product&#038;p=594"},"modified":"2025-06-11T12:50:59","modified_gmt":"2025-06-11T12:50:59","slug":"silicone-de-adicao-resgitro-oclusal-occlufast-rock-zhermack","status":"publish","type":"product","link":"https:\/\/www.dentalgolden.com.br\/sys\/produto\/silicone-de-adicao-resgitro-oclusal-occlufast-rock-zhermack\/","title":{"rendered":"Silicone de Adi\u00e7\u00e3o Resgitro Oclusal Occlufast Rock &#8211; Zhermack"},"content":{"rendered":"<h2>Detalhes:<\/h2>\n<ul>\n<li>\u00a0OCCLUFAST ROCK possui estabilidade dimensional de 0,05% em 24 horas (permitindo estabilidade a longo prazo) e n\u00e3o deforma com as varia\u00e7\u00f5es de temperatura.<\/li>\n<li>Al\u00e9m disso as caracter\u00edsticas da moldagem ficam inalteradas com o tempo.<\/li>\n<li>F\u00e1cil de recortar: para eliminar o excesso de material, proporciona moldagens extremamente r\u00edgidas, facilitando os recortes dos excessos.<\/li>\n<li>Simples: possui um sistema de auto-mistura, \u00e9 f\u00e1cil de usar e livre de bolhas de ar.<\/li>\n<li>Sua opacidade, cor e dureza permitem controle adequado e f\u00e1cil manipula\u00e7\u00e3o.<\/li>\n<li>Confort\u00e1vel: garante aus\u00eancia de distor\u00e7\u00e3o e um m\u00e1ximo conforto para o paciente.<\/li>\n<li>R\u00edgido: Para evitar compress\u00e3o e reposicionamento incorretos dos modelos de laborat\u00f3rio, possui dureza Shore A 95 e pode ser fresado.<\/li>\n<li>Tixotr\u00f3pico que controla com facilidade o posicionamento sobre a face oclusal.<\/li>\n<li>Fluido: para evitar press\u00e3o e deslizamento durante o interposicionamentodas arcadas quando o paciente oclui n\u00e3o encontra resist\u00eancia, porque OCCLUFAST ROCK \u00e9 de consist\u00eancia super macia.<\/li>\n<li>Preciso: para reproduzir fielmente os detalhes fundamentais, tem precis\u00e3o de 2 microns.<\/li>\n<li>As moldagens s\u00e3o precisas com espessura pr\u00f3xima a zero.<\/li>\n<li>Validade: 3 anos.<\/li>\n<\/ul>\n","protected":false},"excerpt":{"rendered":"<h5 class=\"value\">Embalagem com 1 cartucho base de 50ml + 1 cartucho catalisador de 50ml + 12 pontas misturadoras m\u00e9dias (verdes).<\/h5>\n<h5>Indicado para confec\u00e7\u00e3o de registro de mordida.<\/h5>\n<h5 class=\"value\"><strong><span style=\"color: #008000;\">Frete Gr\u00e1tis<\/span>.<\/strong> Em compras acima de R$ 200,00 no site.<\/h5>\n<h4>Brinde: Compre 990,90 e ganhe 1 touca rosa PROTDESC, 1 touca branca PREVEMAX e 1 prop\u00e9 branco PREVEMAX<\/h4>\n","protected":false},"featured_media":611,"comment_status":"closed","ping_status":"closed","template":"","meta":[],"product_brand":[108],"product_cat":[114,100],"product_tag":[],"class_list":{"0":"post-594","1":"product","2":"type-product","3":"status-publish","4":"has-post-thumbnail","6":"product_brand-zhermack","7":"product_cat-moldagens","8":"product_cat-so-ofertas","9":"product_shipping_class-padrao","11":"first","12":"instock","13":"sale","14":"featured","15":"purchasable","16":"product-type-simple"},"_links":{"self":[{"href":"https:\/\/www.dentalgolden.com.br\/sys\/wp-json\/wp\/v2\/product\/594","targetHints":{"allow":["GET"]}}],"collection":[{"href":"https:\/\/www.dentalgolden.com.br\/sys\/wp-json\/wp\/v2\/product"}],"about":[{"href":"https:\/\/www.dentalgolden.com.br\/sys\/wp-json\/wp\/v2\/types\/product"}],"replies":[{"embeddable":true,"href":"https:\/\/www.dentalgolden.com.br\/sys\/wp-json\/wp\/v2\/comments?post=594"}],"wp:featuredmedia":[{"embeddable":true,"href":"https:\/\/www.dentalgolden.com.br\/sys\/wp-json\/wp\/v2\/media\/611"}],"wp:attachment":[{"href":"https:\/\/www.dentalgolden.com.br\/sys\/wp-json\/wp\/v2\/media?parent=594"}],"wp:term":[{"taxonomy":"product_brand","embeddable":true,"href":"https:\/\/www.dentalgolden.com.br\/sys\/wp-json\/wp\/v2\/product_brand?post=594"},{"taxonomy":"product_cat","embeddable":true,"href":"https:\/\/www.dentalgolden.com.br\/sys\/wp-json\/wp\/v2\/product_cat?post=594"},{"taxonomy":"product_tag","embeddable":true,"href":"https:\/\/www.dentalgolden.com.br\/sys\/wp-json\/wp\/v2\/product_tag?post=594"}],"curies":[{"name":"wp","href":"https:\/\/api.w.org\/{rel}","templated":true}]}}