{"id":574,"date":"2025-01-22T17:47:36","date_gmt":"2025-01-22T17:47:36","guid":{"rendered":"https:\/\/www.dentalgolden.com.br\/sys\/?post_type=product&#038;p=574"},"modified":"2025-06-17T14:25:18","modified_gmt":"2025-06-17T14:25:18","slug":"kit-silicone-de-condensacao-speedex-coltene","status":"publish","type":"product","link":"https:\/\/www.dentalgolden.com.br\/sys\/produto\/kit-silicone-de-condensacao-speedex-coltene\/","title":{"rendered":"Kit Silicone de Condensa\u00e7\u00e3o Speedex &#8211; Coltene"},"content":{"rendered":"<h2><strong>Vantagens\u00a0<span class=\"base\" data-ui-id=\"page-title-wrapper\">Kit Silicone de Condensa\u00e7\u00e3o Speedex<\/span><\/strong><\/h2>\n<ul>\n<li>Silicone de condensa\u00e7\u00e3o que se destaca pela sua estabilidade dimensional de 7 dias.<\/li>\n<li>Excelente reprodutibilidade, caracter\u00edstica premium similar a um silicone de adi\u00e7\u00e3o.<\/li>\n<li>Tempo de trabalho ajustado \u00e0s necessidades cl\u00ednicas.<\/li>\n<li>Biocompat\u00edvel em rela\u00e7\u00e3o aos tecidos bucais.<\/li>\n<li>Superior elasticidade e resist\u00eancia ao cisalhamento, evitando deforma\u00e7\u00e3o ou rasgo ao ser retirado da boca.<\/li>\n<li>Maior capacidade de penetra\u00e7\u00e3o.<\/li>\n<li>Possui exclusiva tecnologia DCP (Dimension Controlling Precondensate).<\/li>\n<li>Alta estabilidade dimensional e precis\u00e3o.<\/li>\n<li>\u00d3tima capacidade de c\u00f3pia.<\/li>\n<li>Elevada elasticidade.<\/li>\n<li>Resist\u00eancia ao rasgamento.<\/li>\n<li>Validade: 3 anos a partir da data de fabrica\u00e7\u00e3o<\/li>\n<\/ul>\n<h2><strong>Indica\u00e7\u00f5es Kit\u00a0<span class=\"base\" data-ui-id=\"page-title-wrapper\">Speedex Coltene<\/span><\/strong><\/h2>\n<p><span data-teams=\"true\">Chegou o kit Speedex, com cara nova e em um super combo com mais 40% de Putty e 2 ativadores.\u00a0 Ganha destaque tamb\u00e9m pela sua estabilidade dimensional de 7 dias com excelente capacidade de c\u00f3pia.<\/span><\/p>\n<p>Indicado para confec\u00e7\u00e3o de guias de preparo e mock-up, modelos para produ\u00e7\u00e3o de placa estabilizadora oclusal e para clareamento dent\u00e1rio, modelos de estudo e antagonistas, tamb\u00e9m para moldagem de trabalho sobre dentes e implantes, e modelos para confec\u00e7\u00e3o de enceramento de diagn\u00f3stico.<\/p>\n<p>&nbsp;<\/p>\n","protected":false},"excerpt":{"rendered":"<h5 class=\"value\">Kit composto por 1 Silicone de Condensa\u00e7\u00e3o Speedex Putty de 1kg + 1 Silicones de Condensa\u00e7\u00e3o Speedex Catalisador Universal de 60ml + 1 Silicone de Condensa\u00e7\u00e3o Speedex Light Body de 120ml.<\/h5>\n<h5><strong><span style=\"color: #008000;\">Frete Gr\u00e1tis<\/span>.<\/strong> Em compras acima de R$ 200,00 no site.<\/h5>\n<h4>Brinde: Compre 990,90 e ganhe 1 touca rosa PROTDESC, 1 touca branca PREVEMAX e 1 prop\u00e9 branco PREVEMAX<\/h4>\n","protected":false},"featured_media":823,"comment_status":"closed","ping_status":"closed","template":"","meta":[],"product_brand":[117],"product_cat":[114,100],"product_tag":[],"class_list":{"0":"post-574","1":"product","2":"type-product","3":"status-publish","4":"has-post-thumbnail","6":"product_brand-coltene","7":"product_cat-moldagens","8":"product_cat-so-ofertas","9":"aux-has-gallery","11":"first","12":"instock","13":"sale","14":"featured","15":"taxable","16":"shipping-taxable","17":"purchasable","18":"product-type-simple"},"_links":{"self":[{"href":"https:\/\/www.dentalgolden.com.br\/sys\/wp-json\/wp\/v2\/product\/574","targetHints":{"allow":["GET"]}}],"collection":[{"href":"https:\/\/www.dentalgolden.com.br\/sys\/wp-json\/wp\/v2\/product"}],"about":[{"href":"https:\/\/www.dentalgolden.com.br\/sys\/wp-json\/wp\/v2\/types\/product"}],"replies":[{"embeddable":true,"href":"https:\/\/www.dentalgolden.com.br\/sys\/wp-json\/wp\/v2\/comments?post=574"}],"wp:featuredmedia":[{"embeddable":true,"href":"https:\/\/www.dentalgolden.com.br\/sys\/wp-json\/wp\/v2\/media\/823"}],"wp:attachment":[{"href":"https:\/\/www.dentalgolden.com.br\/sys\/wp-json\/wp\/v2\/media?parent=574"}],"wp:term":[{"taxonomy":"product_brand","embeddable":true,"href":"https:\/\/www.dentalgolden.com.br\/sys\/wp-json\/wp\/v2\/product_brand?post=574"},{"taxonomy":"product_cat","embeddable":true,"href":"https:\/\/www.dentalgolden.com.br\/sys\/wp-json\/wp\/v2\/product_cat?post=574"},{"taxonomy":"product_tag","embeddable":true,"href":"https:\/\/www.dentalgolden.com.br\/sys\/wp-json\/wp\/v2\/product_tag?post=574"}],"curies":[{"name":"wp","href":"https:\/\/api.w.org\/{rel}","templated":true}]}}