{"id":559,"date":"2025-01-22T17:47:35","date_gmt":"2025-01-22T17:47:35","guid":{"rendered":"https:\/\/www.dentalgolden.com.br\/sys\/?post_type=product&#038;p=559"},"modified":"2025-08-02T13:00:00","modified_gmt":"2025-08-02T13:00:00","slug":"kit-resina-charisma-classic-kulzer","status":"publish","type":"product","link":"https:\/\/www.dentalgolden.com.br\/sys\/produto\/kit-resina-charisma-classic-kulzer\/","title":{"rendered":"Kit Resina Charisma Classic \u2013 Kulzer"},"content":{"rendered":"<h2 id=\"KIF6NTL\">Kit Resina Kulzer<\/h2>\n<p>Se voc\u00ea \u00e9 um profissional da odontologia que busca alcan\u00e7ar restaura\u00e7\u00f5es est\u00e9ticas de forma simples e com extrema capacidade de mimetismo com os dentes naturais, confira o\u00a0<strong>Kit Resina Composta Charisma Classic Kulzer<\/strong>.<\/p>\n<h2>Quais os benef\u00edcios da Resina Charisma Classic?<\/h2>\n<p>Confira os destaques da\u00a0<strong>Charisma Classic<\/strong>\u00a0da Kulzer:<\/p>\n<ul>\n<li>Permite uma modelagem facilitada e \u00e1gil, por conta da sua consist\u00eancia macia.<\/li>\n<li>Possui \u00f3timas propriedades de acabamento e polimento para proporcionar um f\u00e1cil brilho superficial.<\/li>\n<li>A sua radiopacidade possibilita diagn\u00f3sticos seguros e confi\u00e1veis.<\/li>\n<li>\u00c9 de f\u00e1cil sele\u00e7\u00e3o das cores e adapta\u00e7\u00e3o delas.<\/li>\n<\/ul>\n<p>Confira mais detalhes dos benef\u00edcios no Flyer Charisma Classic.<\/p>\n<h3>Tecnologia de carga Microglass<\/h3>\n<p>O grande destaque do\u00a0<strong>Charisma Classic<\/strong>\u00a0\u00e9 a tecnologia de carga Microglass\u00ae II. Esta \u00e9 a segunda gera\u00e7\u00e3o de uma tecnologia inovadora, desenvolvida em coopera\u00e7\u00e3o com profissionais odontol\u00f3gicos de todo o mundo. Ela atende \u00e0s necessidades de manuseio e ao desejo de um brilho natural para a restaura\u00e7\u00e3o. A adapta\u00e7\u00e3o da cor ao dente nunca foi t\u00e3o f\u00e1cil.<\/p>\n<ul>\n<li>Entenda mais sobre a tecnologia no Folheto Charisma Classic da Kulzer<\/li>\n<\/ul>\n<h2>Caracter\u00edsticas do Kit Charisma Classic<\/h2>\n<ul>\n<li>Resina compostamicroh\u00edbrida.<\/li>\n<li>Fotopolimeriz\u00e1vel.<\/li>\n<li>Radiopaca.<\/li>\n<li>Tecnologia de carga Microglass\u00ae.<\/li>\n<li>Sua radiopacidade equivale a 2,0 a 2,5 mm de alum\u00ednio (dentina = 1 mm, esmalte = 2 mm).<\/li>\n<li>Efeito camale\u00e3o que confere excelente mimetismo com a estrutura dental adjacente.<\/li>\n<li>Excelente opacidade das cores de dentina, garante que as restaura\u00e7\u00f5es n\u00e3o fiquem acinzentadas.<\/li>\n<li>Excelente consist\u00eancia.<\/li>\n<li>Excelente capacidade de mimetiza\u00e7\u00e3o, comprovado clinicamente.<\/li>\n<li>Seguran\u00e7a para o profissional e paciente.<\/li>\n<li>Gama de cores que resultam em excelente adapta\u00e7\u00e3o com o dente natural.<\/li>\n<li>Validade: 4 anos a partir da data de fabrica\u00e7\u00e3o.<\/li>\n<li>Categoria: Dent\u00edstica e Est\u00e9tica.<\/li>\n<\/ul>\n<h3>Quais as tonalidades que est\u00e3o dispon\u00edveis no kit?<\/h3>\n<p>O\u00a0<strong>Kit Resina Charisma Classic 5 Seringas 4g\u00a0<\/strong>da\u00a0<strong>Kulzer<\/strong>\u00a0possui as seguintes cores que seguem a escala VITA\u00ae padr\u00e3o e tons opacos mais intensos: A1, A2, A3, OA2 e OA3.<\/p>\n","protected":false},"excerpt":{"rendered":"<h5 class=\"value\">Resina micro-h\u00edbrida. Kit com 5 seringas de resinas Charisma Classic de 4g cada, nas cores A1, A2, A3, OA2 e OA3 (1 de cada) e ganhe uma porta resinas.<\/h5>\n<h5 class=\"value\"><strong><span style=\"color: #008000;\">Frete Gr\u00e1tis<\/span>.<\/strong> Em compras acima de R$ 200,00 no site.<\/h5>\n<h4>Brinde: Compre 990,90 e ganhe 1 touca rosa PROTDESC, 1 touca branca PREVEMAX e 1 prop\u00e9 branco PREVEMAX<\/h4>\n","protected":false},"featured_media":854,"comment_status":"closed","ping_status":"closed","template":"","meta":[],"product_brand":[118],"product_cat":[115,100],"product_tag":[],"class_list":{"0":"post-559","1":"product","2":"type-product","3":"status-publish","4":"has-post-thumbnail","6":"product_brand-kulzer","7":"product_cat-resina","8":"product_cat-so-ofertas","9":"aux-has-gallery","11":"first","12":"instock","13":"sale","14":"taxable","15":"shipping-taxable","16":"purchasable","17":"product-type-simple"},"_links":{"self":[{"href":"https:\/\/www.dentalgolden.com.br\/sys\/wp-json\/wp\/v2\/product\/559","targetHints":{"allow":["GET"]}}],"collection":[{"href":"https:\/\/www.dentalgolden.com.br\/sys\/wp-json\/wp\/v2\/product"}],"about":[{"href":"https:\/\/www.dentalgolden.com.br\/sys\/wp-json\/wp\/v2\/types\/product"}],"replies":[{"embeddable":true,"href":"https:\/\/www.dentalgolden.com.br\/sys\/wp-json\/wp\/v2\/comments?post=559"}],"wp:featuredmedia":[{"embeddable":true,"href":"https:\/\/www.dentalgolden.com.br\/sys\/wp-json\/wp\/v2\/media\/854"}],"wp:attachment":[{"href":"https:\/\/www.dentalgolden.com.br\/sys\/wp-json\/wp\/v2\/media?parent=559"}],"wp:term":[{"taxonomy":"product_brand","embeddable":true,"href":"https:\/\/www.dentalgolden.com.br\/sys\/wp-json\/wp\/v2\/product_brand?post=559"},{"taxonomy":"product_cat","embeddable":true,"href":"https:\/\/www.dentalgolden.com.br\/sys\/wp-json\/wp\/v2\/product_cat?post=559"},{"taxonomy":"product_tag","embeddable":true,"href":"https:\/\/www.dentalgolden.com.br\/sys\/wp-json\/wp\/v2\/product_tag?post=559"}],"curies":[{"name":"wp","href":"https:\/\/api.w.org\/{rel}","templated":true}]}}