{"id":549,"date":"2025-01-22T17:47:34","date_gmt":"2025-01-22T17:47:34","guid":{"rendered":"https:\/\/www.dentalgolden.com.br\/sys\/?post_type=product&#038;p=549"},"modified":"2025-07-21T18:12:43","modified_gmt":"2025-07-21T18:12:43","slug":"cimento-resinoso-foto-3m-relyx-veneer-solventum","status":"publish","type":"product","link":"https:\/\/www.dentalgolden.com.br\/sys\/produto\/cimento-resinoso-foto-3m-relyx-veneer-solventum\/","title":{"rendered":"Cimento Resinoso Foto 3M\u2122 Relyx\u2122 Veneer b0.5 &#8211; Solventumm"},"content":{"rendered":"<h2 id=\"XK44M9F\">Cimento Resinoso Relyx Veneer<\/h2>\n<p>O\u00a0<strong>Cimento Resinoso Relyx Venner 3M<\/strong> \u00e9 um cimento fotoativado e radiopaco, ideal para profissionais que buscam cimentos odontol\u00f3gicos de excelente manuseio.<\/p>\n<h2>Caracter\u00edsticas do Cimento Resinoso Foto Relyx Veneer<\/h2>\n<ul>\n<li>Radiopaco.<\/li>\n<li>Fotoativado.<\/li>\n<li>Alta resist\u00eancia.<\/li>\n<li>Est\u00e1vel com melhor est\u00e9tica para facetas a longo prazo.<\/li>\n<li>A qu\u00edmica singular do cimento oferece excelente estabilidade de cor.<\/li>\n<li>F\u00e1cil de dispensar, aplicar e assentar a pe\u00e7a.<\/li>\n<li>\u00d3timo manuseio devido escoamento sob press\u00e3o (pol\u00edmeros patenteados).<\/li>\n<li>Melhor adapta\u00e7\u00e3o da faceta atrav\u00e9s de sua baixa espessura de pel\u00edcula.<\/li>\n<li>Causa a polimeriza\u00e7\u00e3o do cimento quando exposto \u00e0 luz vis\u00edvel de 400mW\/cm2.<\/li>\n<li>Categoria: Cimentos.<\/li>\n<li>Registro ANVISA: 8028493<\/li>\n<\/ul>\n","protected":false},"excerpt":{"rendered":"<h5>O\u00a0<strong>Cimento Resinoso Relyx Venner 3M<\/strong> \u00e9 um cimento fotoativado e radiopaco, ideal para profissionais que buscam cimentos odontol\u00f3gicos de excelente manuseio.<\/h5>\n<h5 class=\"value\">Embalagem com 3g.<\/h5>\n<p><strong><span style=\"color: #008000;\">Frete Gr\u00e1tis<\/span>.<\/strong> Em compras acima de R$ 200,00 no site.<\/p>\n","protected":false},"featured_media":851,"comment_status":"closed","ping_status":"closed","template":"","meta":[],"product_brand":[122],"product_cat":[113,100],"product_tag":[],"class_list":{"0":"post-549","1":"product","2":"type-product","3":"status-publish","4":"has-post-thumbnail","6":"product_brand-solventum","7":"product_cat-cimento","8":"product_cat-so-ofertas","10":"first","11":"instock","12":"sale","13":"featured","14":"taxable","15":"shipping-taxable","16":"purchasable","17":"product-type-simple"},"_links":{"self":[{"href":"https:\/\/www.dentalgolden.com.br\/sys\/wp-json\/wp\/v2\/product\/549","targetHints":{"allow":["GET"]}}],"collection":[{"href":"https:\/\/www.dentalgolden.com.br\/sys\/wp-json\/wp\/v2\/product"}],"about":[{"href":"https:\/\/www.dentalgolden.com.br\/sys\/wp-json\/wp\/v2\/types\/product"}],"replies":[{"embeddable":true,"href":"https:\/\/www.dentalgolden.com.br\/sys\/wp-json\/wp\/v2\/comments?post=549"}],"wp:featuredmedia":[{"embeddable":true,"href":"https:\/\/www.dentalgolden.com.br\/sys\/wp-json\/wp\/v2\/media\/851"}],"wp:attachment":[{"href":"https:\/\/www.dentalgolden.com.br\/sys\/wp-json\/wp\/v2\/media?parent=549"}],"wp:term":[{"taxonomy":"product_brand","embeddable":true,"href":"https:\/\/www.dentalgolden.com.br\/sys\/wp-json\/wp\/v2\/product_brand?post=549"},{"taxonomy":"product_cat","embeddable":true,"href":"https:\/\/www.dentalgolden.com.br\/sys\/wp-json\/wp\/v2\/product_cat?post=549"},{"taxonomy":"product_tag","embeddable":true,"href":"https:\/\/www.dentalgolden.com.br\/sys\/wp-json\/wp\/v2\/product_tag?post=549"}],"curies":[{"name":"wp","href":"https:\/\/api.w.org\/{rel}","templated":true}]}}