{"id":548,"date":"2025-01-22T17:47:34","date_gmt":"2025-01-22T17:47:34","guid":{"rendered":"https:\/\/www.dentalgolden.com.br\/sys\/?post_type=product&#038;p=548"},"modified":"2025-08-02T12:24:25","modified_gmt":"2025-08-02T12:24:25","slug":"resina-3m-z100-solventum","status":"publish","type":"product","link":"https:\/\/www.dentalgolden.com.br\/sys\/produto\/resina-3m-z100-solventum\/","title":{"rendered":"Resina 3M\u2122 Z100\u2122 &#8211; Solventum"},"content":{"rendered":"<h2>Resina Z100: Escolha inteligente para restaura\u00e7\u00f5es est\u00e9ticas!<\/h2>\n<p>A Resina Z100 3M \u00e9 uma resina microh\u00edbrida universal que alia alta resist\u00eancia mec\u00e2nica e est\u00e9tica para restaura\u00e7\u00f5es odontol\u00f3gicas confi\u00e1veis e duradouras. Ideal para profissionais que buscam desempenho superior em \u00e1reas de elevado esfor\u00e7o mastigat\u00f3rio.<\/p>\n<p><strong>Principais caracter\u00edsticas:<\/strong><\/p>\n<ul>\n<li>Elevada resist\u00eancia ao desgaste e dureza<\/li>\n<li>Efeito camale\u00f4nico que imita estruturas dentais<\/li>\n<li>T\u00e9cnica simplificada para restaura\u00e7\u00f5es est\u00e9ticas<\/li>\n<li>Carga em zirc\u00f4nia e s\u00edlica para propriedades mec\u00e2nicas superiores<\/li>\n<\/ul>\n<p>&nbsp;<\/p>\n<h2><span class=\"TextRun SCXW162794413 BCX8\" lang=\"PT-BR\" xml:lang=\"PT-BR\" data-contrast=\"auto\"><span class=\"NormalTextRun SCXW162794413 BCX8\">Resina Z100\u2122\u00a0<strong>3M<\/strong><\/span><\/span><\/h2>\n<ul>\n<li><span class=\"TextRun SCXW162794413 BCX8\" lang=\"PT-BR\" xml:lang=\"PT-BR\" data-contrast=\"auto\"><span class=\"NormalTextRun SCXW162794413 BCX8\">Consist\u00eancia: Composta.<\/span><\/span><span class=\"LineBreakBlob BlobObject DragDrop SCXW162794413 BCX8\"><span class=\"SCXW162794413 BCX8\">\u00a0<\/span><br class=\"SCXW162794413 BCX8\" \/><\/span><\/li>\n<li><span class=\"TextRun SCXW162794413 BCX8\" lang=\"PT-BR\" xml:lang=\"PT-BR\" data-contrast=\"auto\"><span class=\"NormalTextRun SCXW162794413 BCX8\">Preenchimento: 2,5mm.<\/span><\/span><span class=\"LineBreakBlob BlobObject DragDrop SCXW162794413 BCX8\"><span class=\"SCXW162794413 BCX8\">\u00a0<\/span><br class=\"SCXW162794413 BCX8\" \/><\/span><\/li>\n<li><span class=\"TextRun SCXW162794413 BCX8\" lang=\"PT-BR\" xml:lang=\"PT-BR\" data-contrast=\"auto\"><span class=\"NormalTextRun SCXW162794413 BCX8\">Restaurador universal\u00a0<\/span><span class=\"NormalTextRun SpellingErrorV2Themed SCXW162794413 BCX8\">microh\u00edbrido<\/span><span class=\"NormalTextRun SCXW162794413 BCX8\">.<\/span><\/span><span class=\"LineBreakBlob BlobObject DragDrop SCXW162794413 BCX8\"><span class=\"SCXW162794413 BCX8\">\u00a0<\/span><br class=\"SCXW162794413 BCX8\" \/><\/span><\/li>\n<li><span class=\"TextRun SCXW162794413 BCX8\" lang=\"PT-BR\" xml:lang=\"PT-BR\" data-contrast=\"auto\"><span class=\"NormalTextRun SCXW162794413 BCX8\">Composi\u00e7\u00e3o: TEGDMA,\u00a0<\/span><span class=\"NormalTextRun SpellingErrorV2Themed SCXW162794413 BCX8\">BisGMA<\/span><span class=\"NormalTextRun SCXW162794413 BCX8\">, Cer\u00e2mica silanizada tratada, 2-Benzotriazolil-4-metilfenol.<\/span><\/span><span class=\"LineBreakBlob BlobObject DragDrop SCXW162794413 BCX8\"><span class=\"SCXW162794413 BCX8\">\u00a0<\/span><br class=\"SCXW162794413 BCX8\" \/><\/span><\/li>\n<li><span class=\"TextRun SCXW162794413 BCX8\" lang=\"PT-BR\" xml:lang=\"PT-BR\" data-contrast=\"auto\"><span class=\"NormalTextRun SCXW162794413 BCX8\">Elevada resist\u00eancia ao desgaste<\/span><span class=\"NormalTextRun SCXW162794413 BCX8\">\u00a0para uso\u00a0<\/span><span class=\"NormalTextRun SCXW162794413 BCX8\">em \u00e1reas extensas e\u00a0<\/span><span class=\"NormalTextRun SCXW162794413 BCX8\">de<\/span>\u00a0<span class=\"NormalTextRun SCXW162794413 BCX8\">elevado<\/span><span class=\"NormalTextRun SCXW162794413 BCX8\">\u00a0esfor\u00e7o mastigat\u00f3rio<\/span><span class=\"NormalTextRun SCXW162794413 BCX8\">.<\/span><\/span><span class=\"LineBreakBlob BlobObject DragDrop SCXW162794413 BCX8\"><span class=\"SCXW162794413 BCX8\">\u00a0<\/span><br class=\"SCXW162794413 BCX8\" \/><\/span><\/li>\n<li><span class=\"TextRun SCXW162794413 BCX8\" lang=\"PT-BR\" xml:lang=\"PT-BR\" data-contrast=\"auto\"><span class=\"NormalTextRun SCXW162794413 BCX8\">El<\/span><span class=\"NormalTextRun SCXW162794413 BCX8\">evada dureza<\/span><span class=\"NormalTextRun SCXW162794413 BCX8\">.<\/span><\/span><span class=\"LineBreakBlob BlobObject DragDrop SCXW162794413 BCX8\"><span class=\"SCXW162794413 BCX8\">\u00a0<\/span><br class=\"SCXW162794413 BCX8\" \/><\/span><\/li>\n<li><span class=\"TextRun SCXW162794413 BCX8\" lang=\"PT-BR\" xml:lang=\"PT-BR\" data-contrast=\"auto\"><span class=\"NormalTextRun SCXW162794413 BCX8\">R<\/span><span class=\"NormalTextRun SCXW162794413 BCX8\">esist\u00eancia \u00e0 compress\u00e3o e \u00e0 fratura<\/span><span class=\"NormalTextRun SCXW162794413 BCX8\">.<\/span><\/span><span class=\"LineBreakBlob BlobObject DragDrop SCXW162794413 BCX8\"><span class=\"SCXW162794413 BCX8\">\u00a0<\/span><br class=\"SCXW162794413 BCX8\" \/><\/span><\/li>\n<li><span class=\"TextRun SCXW162794413 BCX8\" lang=\"PT-BR\" xml:lang=\"PT-BR\" data-contrast=\"auto\"><span class=\"NormalTextRun SCXW162794413 BCX8\">Efeito camale\u00f4nico<\/span><span class=\"NormalTextRun SCXW162794413 BCX8\">\u00a0que<\/span><span class=\"NormalTextRun SCXW162794413 BCX8\">\u00a0imita as estruturas dentais<\/span><span class=\"NormalTextRun SCXW162794413 BCX8\">.<\/span><\/span><span class=\"LineBreakBlob BlobObject DragDrop SCXW162794413 BCX8\"><span class=\"SCXW162794413 BCX8\">\u00a0<\/span><br class=\"SCXW162794413 BCX8\" \/><\/span><\/li>\n<li><span class=\"TextRun SCXW162794413 BCX8\" lang=\"PT-BR\" xml:lang=\"PT-BR\" data-contrast=\"auto\"><span class=\"NormalTextRun SCXW162794413 BCX8\">Proporciona f\u00e1cil c<\/span><span class=\"NormalTextRun SCXW162794413 BCX8\">onfec\u00e7\u00e3o de restaura\u00e7\u00f5es com boa est\u00e9tica, atrav\u00e9s de t\u00e9cnica simplificada<\/span><span class=\"NormalTextRun SCXW162794413 BCX8\">.<\/span><\/span><span class=\"LineBreakBlob BlobObject DragDrop SCXW162794413 BCX8\"><span class=\"SCXW162794413 BCX8\">\u00a0<\/span><br class=\"SCXW162794413 BCX8\" \/><\/span><\/li>\n<li><span class=\"TextRun SCXW162794413 BCX8\" lang=\"PT-BR\" xml:lang=\"PT-BR\" data-contrast=\"auto\"><span class=\"NormalTextRun SCXW162794413 BCX8\">Carga em zirc\u00f4nia e s\u00edlica\u00a0<\/span><span class=\"NormalTextRun SCXW162794413 BCX8\">para<\/span><span class=\"NormalTextRun SCXW162794413 BCX8\">\u00a0elevadas propriedades mec\u00e2nicas.<\/span><\/span><span class=\"LineBreakBlob BlobObject DragDrop SCXW162794413 BCX8\"><span class=\"SCXW162794413 BCX8\">\u00a0<\/span><br class=\"SCXW162794413 BCX8\" \/><\/span><\/li>\n<li><span class=\"TextRun SCXW162794413 BCX8\" lang=\"PT-BR\" xml:lang=\"PT-BR\" data-contrast=\"auto\"><span class=\"NormalTextRun SCXW162794413 BCX8\">Sistema de cores simplificad<\/span><span class=\"NormalTextRun SCXW162794413 BCX8\">o.<\/span><\/span><span class=\"LineBreakBlob BlobObject DragDrop SCXW162794413 BCX8\"><span class=\"SCXW162794413 BCX8\">\u00a0<\/span><br class=\"SCXW162794413 BCX8\" \/><\/span><\/li>\n<li><span class=\"TextRun SCXW162794413 BCX8\" lang=\"PT-BR\" xml:lang=\"PT-BR\" data-contrast=\"auto\"><span class=\"NormalTextRun SCXW162794413 BCX8\">Maior fluoresc\u00eancia.<\/span><\/span><span class=\"LineBreakBlob BlobObject DragDrop SCXW162794413 BCX8\"><br class=\"SCXW162794413 BCX8\" \/><\/span><\/li>\n<li><span class=\"TextRun SCXW162794413 BCX8\" lang=\"PT-BR\" xml:lang=\"PT-BR\" data-contrast=\"auto\"><span class=\"NormalTextRun SCXW162794413 BCX8\">Rendimento: 4g &#8211; 30 restaura\u00e7\u00f5es de dentes anteriores ou 20 de posteriores.<\/span><\/span><span class=\"LineBreakBlob BlobObject DragDrop SCXW162794413 BCX8\"><span class=\"SCXW162794413 BCX8\">\u00a0<\/span><br class=\"SCXW162794413 BCX8\" \/><\/span><\/li>\n<\/ul>\n","protected":false},"excerpt":{"rendered":"<h5 class=\"value\">Resina Microh\u00edbrida. Seringa com 4g. Escolha a Cor.<\/h5>\n<h5 class=\"value\"><strong><span style=\"color: #008000;\">Frete Gr\u00e1tis<\/span>.<\/strong> Em compras acima de R$ 200,00 no site.<\/h5>\n<h4>Brinde: Compre 990,90 e ganhe 1 touca rosa PROTDESC, 1 touca branca PREVEMAX e 1 prop\u00e9 branco PREVEMAX<\/h4>\n","protected":false},"featured_media":578,"comment_status":"closed","ping_status":"closed","template":"","meta":[],"product_brand":[102],"product_cat":[115,100],"product_tag":[],"class_list":{"0":"post-548","1":"product","2":"type-product","3":"status-publish","4":"has-post-thumbnail","6":"product_brand-3m-espe","7":"product_cat-resina","8":"product_cat-so-ofertas","9":"aux-has-gallery","11":"first","12":"instock","13":"featured","14":"purchasable","15":"product-type-variable"},"_links":{"self":[{"href":"https:\/\/www.dentalgolden.com.br\/sys\/wp-json\/wp\/v2\/product\/548","targetHints":{"allow":["GET"]}}],"collection":[{"href":"https:\/\/www.dentalgolden.com.br\/sys\/wp-json\/wp\/v2\/product"}],"about":[{"href":"https:\/\/www.dentalgolden.com.br\/sys\/wp-json\/wp\/v2\/types\/product"}],"replies":[{"embeddable":true,"href":"https:\/\/www.dentalgolden.com.br\/sys\/wp-json\/wp\/v2\/comments?post=548"}],"wp:featuredmedia":[{"embeddable":true,"href":"https:\/\/www.dentalgolden.com.br\/sys\/wp-json\/wp\/v2\/media\/578"}],"wp:attachment":[{"href":"https:\/\/www.dentalgolden.com.br\/sys\/wp-json\/wp\/v2\/media?parent=548"}],"wp:term":[{"taxonomy":"product_brand","embeddable":true,"href":"https:\/\/www.dentalgolden.com.br\/sys\/wp-json\/wp\/v2\/product_brand?post=548"},{"taxonomy":"product_cat","embeddable":true,"href":"https:\/\/www.dentalgolden.com.br\/sys\/wp-json\/wp\/v2\/product_cat?post=548"},{"taxonomy":"product_tag","embeddable":true,"href":"https:\/\/www.dentalgolden.com.br\/sys\/wp-json\/wp\/v2\/product_tag?post=548"}],"curies":[{"name":"wp","href":"https:\/\/api.w.org\/{rel}","templated":true}]}}